{"id":2,"date":"2018-01-01T00:00:12","date_gmt":"2017-12-31T23:00:12","guid":{"rendered":"http:\/\/webmin.kabel1.cz\/luda\/?page_id=2"},"modified":"2019-11-21T13:07:42","modified_gmt":"2019-11-21T12:07:42","slug":"zkusebni-stranka","status":"publish","type":"page","link":"https:\/\/www.camrda.cz\/","title":{"rendered":"O firm\u011b"},"content":{"rendered":"<div id=\"metaslider-id-148\" style=\"max-width: 800px;\" class=\"ml-slider-3-107-0 metaslider metaslider-nivo metaslider-148 ml-slider ms-theme-default\" role=\"region\" aria-label=\"Hlavn\u00ed strana\" data-height=\"450\" data-width=\"800\">\n    <div id=\"metaslider_container_148\">\n        <div class='slider-wrapper theme-default'><div class='ribbon'><\/div><div id='metaslider_148' class='nivoSlider'><img loading=\"lazy\" decoding=\"async\" src=\"https:\/\/www.camrda.cz\/wp-content\/uploads\/slider_3.jpg\" height=\"450\" width=\"800\" alt=\"\" class=\"slider-148 slide-224 msDefaultImage\" \/><img loading=\"lazy\" decoding=\"async\" src=\"https:\/\/www.camrda.cz\/wp-content\/uploads\/w3_Silmet-800x450.jpg\" height=\"450\" width=\"800\" alt=\"\" class=\"slider-148 slide-225 msDefaultImage\" \/><img loading=\"lazy\" decoding=\"async\" src=\"https:\/\/www.camrda.cz\/wp-content\/uploads\/slider_1.jpg\" height=\"450\" width=\"800\" alt=\"\" class=\"slider-148 slide-226 msDefaultImage\" \/><\/div><\/div>\n        \n    <\/div>\n<\/div>\n<p>Firma <span style=\"font-size: 14pt;\"><strong>LUD\u011aK CAMRDA<\/strong><\/span>\u00a0vznikla ji\u017e v roce 1994.<\/p>\n<p>Od roku <strong>2003<\/strong> vykon\u00e1v\u00e1me na z\u00e1klad\u011b auditn\u00ed zpr\u00e1vy vydan\u00e9ho <strong>T\u00dcV S\u00dcD Czech s.r.o.<\/strong> na z\u00e1klad\u011b pov\u011b\u0159en\u00ed MD \u010cR opravy, revize, prov\u00e1d\u011bn\u00ed meziperiodick\u00e9 a periodick\u00e9 zkou\u0161ky v\u010detn\u011b vystaven\u00ed certifik\u00e1tu na vozidlech p\u0159epravuj\u00edc\u00ed <strong>nebezpe\u010dn\u00e9 l\u00e1tky t\u0159\u00eddy 3, 8 a 9 dle dohody ADR<\/strong>.<\/p>\n<p>V roce <strong>2006<\/strong> jsme obor podnik\u00e1n\u00ed roz\u0161\u00ed\u0159ili o provozov\u00e1n\u00ed silni\u010dn\u00ed n\u00e1kladn\u00ed dopravy (v\u010detn\u011b p\u0159epravy ADR) a dopravy osob.<\/p>\n<p>A od roku <strong>2013<\/strong> jsme v\u00e1m schopni poskytnout<strong> in\u017een\u00fdrsk\u00e9 \u010dinnosti<\/strong> a poradenstv\u00ed v oblasti pozemn\u00edch staveb. Nejen u v\u00fdstavby a rekonstrukce \u010derpac\u00edch stanic.<\/p>\n<p>Provozovna firmy a z\u00e1rove\u0148 certifikovan\u00e9 m\u00edsto se nach\u00e1z\u00ed na okraji <strong>Plan\u00e9 nad Lu\u017enic\u00ed nedaleko sjezdu z d\u00e1lnice D3<\/strong>.<\/p>\n<p style=\"text-align: right;\">Majitel firmy: <strong>Lud\u011bk Camrda<\/strong><br \/>\n+420 <span style=\"font-size: 12pt;\"><strong>603 946 744<\/strong><\/span><br \/>\ncamrda@camrda.cz<\/p>\n<p>Autodoprava: <strong>Lud\u011bk Camrda<\/strong><br \/>\n+420 <strong><span style=\"font-size: 12pt;\">603 946 744<\/span><\/strong><br \/>\ndoprava@camrda.cz<\/p>\n<p style=\"text-align: right;\">In\u017een\u00fdrsk\u00e1 \u010dinnost:<strong> Andrea Jirou\u0161ov\u00e1, DiS.<\/strong><br \/>\nprojekce@camrda.cz<\/p>\n","protected":false},"excerpt":{"rendered":"<p>Firma LUD\u011aK CAMRDA\u00a0vznikla ji\u017e v roce 1994. Od roku 2003 vykon\u00e1v\u00e1me na z\u00e1klad\u011b auditn\u00ed zpr\u00e1vy vydan\u00e9ho T\u00dcV S\u00dcD Czech s.r.o. na z\u00e1klad\u011b pov\u011b\u0159en\u00ed MD \u010cR opravy, revize, prov\u00e1d\u011bn\u00ed meziperiodick\u00e9 a periodick\u00e9 zkou\u0161ky v\u010detn\u011b vystaven\u00ed certifik\u00e1tu na vozidlech p\u0159epravuj\u00edc\u00ed nebezpe\u010dn\u00e9 l\u00e1tky t\u0159\u00eddy 3, 8 a 9 dle dohody ADR. V roce 2006 jsme obor podnik\u00e1n\u00ed roz\u0161\u00ed\u0159ili &#8230; <a title=\"O firm\u011b\" class=\"read-more\" href=\"https:\/\/www.camrda.cz\/\" aria-label=\"\u010c\u00edst v\u00edce o O firm\u011b\">\u010c\u00edst d\u00e1l<\/a><\/p>\n","protected":false},"author":1,"featured_media":0,"parent":0,"menu_order":1,"comment_status":"closed","ping_status":"closed","template":"","meta":{"footnotes":""},"class_list":["post-2","page","type-page","status-publish"],"_links":{"self":[{"href":"https:\/\/www.camrda.cz\/index.php?rest_route=\/wp\/v2\/pages\/2","targetHints":{"allow":["GET"]}}],"collection":[{"href":"https:\/\/www.camrda.cz\/index.php?rest_route=\/wp\/v2\/pages"}],"about":[{"href":"https:\/\/www.camrda.cz\/index.php?rest_route=\/wp\/v2\/types\/page"}],"author":[{"embeddable":true,"href":"https:\/\/www.camrda.cz\/index.php?rest_route=\/wp\/v2\/users\/1"}],"replies":[{"embeddable":true,"href":"https:\/\/www.camrda.cz\/index.php?rest_route=%2Fwp%2Fv2%2Fcomments&post=2"}],"version-history":[{"count":31,"href":"https:\/\/www.camrda.cz\/index.php?rest_route=\/wp\/v2\/pages\/2\/revisions"}],"predecessor-version":[{"id":252,"href":"https:\/\/www.camrda.cz\/index.php?rest_route=\/wp\/v2\/pages\/2\/revisions\/252"}],"wp:attachment":[{"href":"https:\/\/www.camrda.cz\/index.php?rest_route=%2Fwp%2Fv2%2Fmedia&parent=2"}],"curies":[{"name":"wp","href":"https:\/\/api.w.org\/{rel}","templated":true}]}}