{"id":5,"date":"2014-11-07T11:02:05","date_gmt":"2014-11-07T10:02:05","guid":{"rendered":"http:\/\/webmin.kabel1.cz\/luda\/?page_id=5"},"modified":"2018-05-31T20:17:27","modified_gmt":"2018-05-31T19:17:27","slug":"autodoprava","status":"publish","type":"page","link":"https:\/\/www.camrda.cz\/?page_id=5","title":{"rendered":"Autodoprava"},"content":{"rendered":"<p align=\"justify\"><img loading=\"lazy\" decoding=\"async\" class=\"alignnone wp-image-205 size-full\" src=\"http:\/\/webmin.kabel1.cz\/luda\/wp-content\/uploads\/autodoprava.jpg\" alt=\"\" width=\"800\" height=\"424\" srcset=\"https:\/\/www.camrda.cz\/wp-content\/uploads\/autodoprava.jpg 800w, https:\/\/www.camrda.cz\/wp-content\/uploads\/autodoprava-300x159.jpg 300w, https:\/\/www.camrda.cz\/wp-content\/uploads\/autodoprava-768x407.jpg 768w, https:\/\/www.camrda.cz\/wp-content\/uploads\/autodoprava-150x80.jpg 150w\" sizes=\"auto, (max-width: 800px) 100vw, 800px\" \/><\/p>\n<p align=\"justify\">V roce 2002 jsme za\u010dali na z\u00e1klad\u011b vydan\u00e9 koncese s provozov\u00e1n\u00edm<br \/>\nvnitrost\u00e1tn\u00ed i mezin\u00e1rodn\u00ed autodopravy.<\/p>\n<p>Zab\u00fdv\u00e1me se n\u00e1kladn\u00ed i osobn\u00ed p\u0159epravou po cel\u00e9 Evrop\u011b.<\/p>\n<p align=\"justify\"><b>N\u00e1kladn\u00ed doprava<\/b><br \/>\nP\u0159epravujeme kusov\u00e9 z\u00e1silky expresn\u00edho charakteru i paletov\u00e9 n\u00e1klady.<\/p>\n<p>K dispozicic m\u00e1me \u0161irokou \u0161k\u00e1lu vozidel a p\u0159\u00edv\u011bsn\u00fdch voz\u00edk\u016f, abychom byly schopni uspokojit r\u016fzn\u00e9 po\u017eadavky z\u00e1kazn\u00edk\u016f.<\/p>\n<p>V nab\u00eddce m\u00e1me:<br \/>\n<b><i>plachtov\u00e1 n\u00e1kladn\u00ed vozidla s hydraulick\u00fdm \u010delem<\/i><\/b><\/p>\n<p><img loading=\"lazy\" decoding=\"async\" class=\"alignnone wp-image-206 size-full\" src=\"http:\/\/webmin.kabel1.cz\/luda\/wp-content\/uploads\/Midlumm2.gif\" alt=\"\" width=\"1200\" height=\"934\" \/><\/p>\n<ul>\n<li>u\u017eite\u010dn\u00e9 zat\u00ed\u017een\u00ed: 5,5 t<\/li>\n<li>rozm\u011bry n\u00e1kladov\u00e9ho prostoru:<br \/>\n6,53 x 2,48 x 2,6 m ( d. x \u0161. x v. ) = 15 europalet<\/li>\n<li>objem n\u00e1klad. prostoru: 42,1 m3<\/li>\n<\/ul>\n<p>&nbsp;<\/p>\n<p><b><i>dod\u00e1vkov\u00e1 vozidla<\/i><\/b><\/p>\n<p><img loading=\"lazy\" decoding=\"async\" class=\"aligncenter wp-image-207\" src=\"http:\/\/webmin.kabel1.cz\/luda\/wp-content\/uploads\/ivecom.gif\" alt=\"\" width=\"550\" height=\"340\" \/><\/p>\n<ul>\n<li>u\u017eite\u010dn\u00e9 zat\u00ed\u017een\u00ed: 1100 kg<\/li>\n<li>rozm\u011bry n\u00e1kladov\u00e9ho prostoru:<br \/>\n4,50 x 1,75 ( d. x \u0161.) = 6 europalet<\/li>\n<li>objem n\u00e1klad. prostoru: 17,3 m3<\/li>\n<\/ul>\n<p>&nbsp;<\/p>\n<p><b><i>a r\u016fzn\u00e9 p\u0159\u00edv\u011bsy<\/i><\/b><\/p>\n<ul>\n<li>p\u0159\u00edv\u011bs pro p\u0159epravu vozidel (odtahov\u00fd)<\/li>\n<li>plachtov\u00e9 p\u0159\u00edv\u011bsy o kapacit\u011b od 3 palet (4,68m3) do 8 palet (17,35m3) a u\u017eite\u010dn\u00fdm zat\u00ed\u017een\u00ed \u00a0\u00a0977kg a\u017e 1830 kg<\/li>\n<\/ul>\n<p>&nbsp;<\/p>\n<p align=\"justify\"><b>Osobn\u00ed doprava<\/b><br \/>\nZaji\u0161\u0165ujeme dopravu osob a jejich zavazadel. D\u00edky rozs\u00e1hl\u00e9mu vozov\u00e9mu parku m\u016f\u017eeme nab\u00eddnout dopravu osobn\u00edmi vozidly i vozidly s osmi m\u00edsty pro pasa\u017eery + \u0159idi\u010d.<br \/>\nV p\u0159\u00edpad\u011b \u017ee m\u00e1te z\u00e1jem o p\u0159epravu svateb\u010dan\u016f, nab\u00edz\u00edme nazdoben\u00ed vozidel v cen\u011b dopravy.<\/p>\n<p align=\"justify\"><img loading=\"lazy\" decoding=\"async\" class=\"aligncenter wp-image-208\" src=\"http:\/\/webmin.kabel1.cz\/luda\/wp-content\/uploads\/renault.gif\" alt=\"\" width=\"450\" height=\"305\" \/><\/p>\n","protected":false},"excerpt":{"rendered":"<p>V roce 2002 jsme za\u010dali na z\u00e1klad\u011b vydan\u00e9 koncese s provozov\u00e1n\u00edm vnitrost\u00e1tn\u00ed i mezin\u00e1rodn\u00ed autodopravy. Zab\u00fdv\u00e1me se n\u00e1kladn\u00ed i osobn\u00ed p\u0159epravou po cel\u00e9 Evrop\u011b. N\u00e1kladn\u00ed doprava P\u0159epravujeme kusov\u00e9 z\u00e1silky expresn\u00edho charakteru i paletov\u00e9 n\u00e1klady. K dispozicic m\u00e1me \u0161irokou \u0161k\u00e1lu vozidel a p\u0159\u00edv\u011bsn\u00fdch voz\u00edk\u016f, abychom byly schopni uspokojit r\u016fzn\u00e9 po\u017eadavky z\u00e1kazn\u00edk\u016f. V nab\u00eddce m\u00e1me: plachtov\u00e1 n\u00e1kladn\u00ed &#8230; <a title=\"Autodoprava\" class=\"read-more\" href=\"https:\/\/www.camrda.cz\/?page_id=5\" aria-label=\"\u010c\u00edst v\u00edce o Autodoprava\">\u010c\u00edst d\u00e1l<\/a><\/p>\n","protected":false},"author":1,"featured_media":0,"parent":0,"menu_order":2,"comment_status":"closed","ping_status":"closed","template":"","meta":{"footnotes":""},"class_list":["post-5","page","type-page","status-publish"],"_links":{"self":[{"href":"https:\/\/www.camrda.cz\/index.php?rest_route=\/wp\/v2\/pages\/5","targetHints":{"allow":["GET"]}}],"collection":[{"href":"https:\/\/www.camrda.cz\/index.php?rest_route=\/wp\/v2\/pages"}],"about":[{"href":"https:\/\/www.camrda.cz\/index.php?rest_route=\/wp\/v2\/types\/page"}],"author":[{"embeddable":true,"href":"https:\/\/www.camrda.cz\/index.php?rest_route=\/wp\/v2\/users\/1"}],"replies":[{"embeddable":true,"href":"https:\/\/www.camrda.cz\/index.php?rest_route=%2Fwp%2Fv2%2Fcomments&post=5"}],"version-history":[{"count":34,"href":"https:\/\/www.camrda.cz\/index.php?rest_route=\/wp\/v2\/pages\/5\/revisions"}],"predecessor-version":[{"id":240,"href":"https:\/\/www.camrda.cz\/index.php?rest_route=\/wp\/v2\/pages\/5\/revisions\/240"}],"wp:attachment":[{"href":"https:\/\/www.camrda.cz\/index.php?rest_route=%2Fwp%2Fv2%2Fmedia&parent=5"}],"curies":[{"name":"wp","href":"https:\/\/api.w.org\/{rel}","templated":true}]}}