{"id":7,"date":"2014-11-07T11:02:25","date_gmt":"2014-11-07T10:02:25","guid":{"rendered":"http:\/\/webmin.kabel1.cz\/luda\/?page_id=7"},"modified":"2018-05-16T13:17:01","modified_gmt":"2018-05-16T12:17:01","slug":"servis-adr","status":"publish","type":"page","link":"https:\/\/www.camrda.cz\/?page_id=7","title":{"rendered":"Servis ADR"},"content":{"rendered":"<p align=\"justify\"><img loading=\"lazy\" decoding=\"async\" class=\"alignnone wp-image-211 size-full\" src=\"http:\/\/webmin.kabel1.cz\/luda\/wp-content\/uploads\/cerpaci-stanice_u.jpg\" alt=\"\" width=\"800\" height=\"424\" srcset=\"https:\/\/www.camrda.cz\/wp-content\/uploads\/cerpaci-stanice_u.jpg 800w, https:\/\/www.camrda.cz\/wp-content\/uploads\/cerpaci-stanice_u-300x159.jpg 300w, https:\/\/www.camrda.cz\/wp-content\/uploads\/cerpaci-stanice_u-768x407.jpg 768w, https:\/\/www.camrda.cz\/wp-content\/uploads\/cerpaci-stanice_u-150x80.jpg 150w\" sizes=\"auto, (max-width: 800px) 100vw, 800px\" \/><\/p>\n<p align=\"justify\">Nab\u00edz\u00edme na\u0161im z\u00e1kazn\u00edk\u016fm odbornou pomoc a poradenstv\u00ed v oblasti p\u0159epravy nebezpe\u010dn\u00fdch l\u00e1tek (ADR), skladov\u00e1n\u00ed nebezpe\u010dn\u00fdch l\u00e1tek a prodeje pohonn\u00fdch hmot.<\/p>\n<p align=\"justify\">U ve\u0161ker\u00fdch cisternov\u00fdch vozidel provozovan\u00fdch v re\u017eimu ADR prov\u00e1d\u00edme t\u011bsnostn\u00ed meziperiodick\u00e9 zkou\u0161ky (3 let\u00e1 lh\u016fta) a tlakov\u00e9 zkou\u0161ky s vystaven\u00edm certifik\u00e1tu (6 let\u00fd interval).<br \/>\nFirma je opr\u00e1vn\u011bna prov\u00e1d\u011bt tyto &#8222;kontroly&#8220; na z\u00e1klad\u011b certifikace T\u00dcV S\u00dcD Czech. K prov\u00e1d\u011bn\u00ed t\u011bchto \u010dinnost\u00ed m\u00e1me ve\u0161ker\u00e1 opr\u00e1vn\u011bn\u00ed (kulat\u00e9 raz\u00edtko) a provozovna je deklarov\u00e1na jako zku\u0161ebn\u00ed m\u00edsto.<\/p>\n<p align=\"justify\">P\u0159i v\u00fdstavb\u011b \u010di rekonstrukci \u010derpac\u00ed stanice nab\u00edz\u00edme sv\u00e9 slu\u017eby v rozsahu od zhotoven\u00ed projektov\u00e9 dokumentace, p\u0159es dod\u00e1vku kompletn\u00ed technologie a\u017e po samotnou v\u00fdstavbu \u010derpac\u00ed stanice.<br \/>\nU st\u00e1vaj\u00edc\u00edch \u010derpac\u00edch stanic prov\u00e1d\u00edme pravideln\u00e9 revize, tlakov\u00e9 zkou\u0161ky n\u00e1dr\u017e\u00ed (ka\u017ed\u00fdch 5 let), odkalov\u00e1n\u00ed a \u010di\u0161t\u011bn\u00ed n\u00e1dr\u017e\u00ed.<\/p>\n<p align=\"justify\">U n\u00e1s z\u00edsk\u00e1te rychl\u00fd a odborn\u00fd servis na cel\u00e9m \u00fazem\u00ed \u010cesk\u00e9 republiky.<\/p>\n","protected":false},"excerpt":{"rendered":"<p>Nab\u00edz\u00edme na\u0161im z\u00e1kazn\u00edk\u016fm odbornou pomoc a poradenstv\u00ed v oblasti p\u0159epravy nebezpe\u010dn\u00fdch l\u00e1tek (ADR), skladov\u00e1n\u00ed nebezpe\u010dn\u00fdch l\u00e1tek a prodeje pohonn\u00fdch hmot. U ve\u0161ker\u00fdch cisternov\u00fdch vozidel provozovan\u00fdch v re\u017eimu ADR prov\u00e1d\u00edme t\u011bsnostn\u00ed meziperiodick\u00e9 zkou\u0161ky (3 let\u00e1 lh\u016fta) a tlakov\u00e9 zkou\u0161ky s vystaven\u00edm certifik\u00e1tu (6 let\u00fd interval). Firma je opr\u00e1vn\u011bna prov\u00e1d\u011bt tyto &#8222;kontroly&#8220; na z\u00e1klad\u011b certifikace T\u00dcV S\u00dcD &#8230; <a title=\"Servis ADR\" class=\"read-more\" href=\"https:\/\/www.camrda.cz\/?page_id=7\" aria-label=\"\u010c\u00edst v\u00edce o Servis ADR\">\u010c\u00edst d\u00e1l<\/a><\/p>\n","protected":false},"author":1,"featured_media":0,"parent":0,"menu_order":3,"comment_status":"closed","ping_status":"closed","template":"","meta":{"footnotes":""},"class_list":["post-7","page","type-page","status-publish"],"_links":{"self":[{"href":"https:\/\/www.camrda.cz\/index.php?rest_route=\/wp\/v2\/pages\/7","targetHints":{"allow":["GET"]}}],"collection":[{"href":"https:\/\/www.camrda.cz\/index.php?rest_route=\/wp\/v2\/pages"}],"about":[{"href":"https:\/\/www.camrda.cz\/index.php?rest_route=\/wp\/v2\/types\/page"}],"author":[{"embeddable":true,"href":"https:\/\/www.camrda.cz\/index.php?rest_route=\/wp\/v2\/users\/1"}],"replies":[{"embeddable":true,"href":"https:\/\/www.camrda.cz\/index.php?rest_route=%2Fwp%2Fv2%2Fcomments&post=7"}],"version-history":[{"count":5,"href":"https:\/\/www.camrda.cz\/index.php?rest_route=\/wp\/v2\/pages\/7\/revisions"}],"predecessor-version":[{"id":212,"href":"https:\/\/www.camrda.cz\/index.php?rest_route=\/wp\/v2\/pages\/7\/revisions\/212"}],"wp:attachment":[{"href":"https:\/\/www.camrda.cz\/index.php?rest_route=%2Fwp%2Fv2%2Fmedia&parent=7"}],"curies":[{"name":"wp","href":"https:\/\/api.w.org\/{rel}","templated":true}]}}